{"id":2178,"date":"2026-02-17T18:21:17","date_gmt":"2026-02-17T17:21:17","guid":{"rendered":"https:\/\/www.cloutik.com\/?page_id=2178"},"modified":"2026-02-23T23:19:05","modified_gmt":"2026-02-23T22:19:05","slug":"tryit","status":"publish","type":"page","link":"https:\/\/www.cloutik.com\/fr\/tryit\/","title":{"rendered":"Choisissez votre instance"},"content":{"rendered":"<div class=\"instance-selector\">\n  <h2>Choisissez votre instance<\/h2>\n  <p>choisissez l'instance qui vous convient le mieux<\/p>\n  <div class=\"instance-buttons\">\n     <a href=\"https:\/\/app.cloutik.com\" target=\"_blank\" rel=\"noreferrer\">\n        <button class=\"instance-btn btn-europe\">EUROPE<\/button>\n     <\/a>\n     <a href=\"https:\/\/app.cloutik.us\" target=\"_blank\" rel=\"noreferrer\">\n       <button class=\"instance-btn btn-amerique\">AM\u00c9RIQUE<\/button>\n     <\/a>\n     <a href=\"https:\/\/app.cloutik.asia\" target=\"_blank\" rel=\"noreferrer\">\n       <button class=\"instance-btn btn-asie\">ASIE<\/button>\n     <\/a>\n     <a href=\"https:\/\/app.cloutik.co.za\" target=\"_blank\" rel=\"noreferrer\">\n        <button class=\"instance-btn btn-afrique\">AFRIQUE<\/button>\n     <\/a>\n  <\/div>\n<\/div>\n\n\n\n<h2 class=\"wp-block-heading\">D\u00e9marrez avec Cloutik en 3 \u00e9tapes simples<\/h2>\n\n\n\n<p>Pr\u00eat \u00e0 simplifier la gestion de vos routeurs MikroTik ? Testez notre solution d\u00e8s maintenant, sans engagement. Voici comment commencer :<\/p>\n\n\n\n<p><strong>1. Choisissez votre instance<\/strong> Pour garantir les meilleures performances, commencez par s\u00e9lectionner l'instance Cloutik sur laquelle vous souhaitez d\u00e9ployer votre environnement.<\/p>\n\n\n\n<p><strong>2. Cr\u00e9ez votre compte gratuitement<\/strong> L'inscription est rapide et ne n\u00e9cessite aucun moyen de paiement. D\u00e8s la cr\u00e9ation de votre compte, vous b\u00e9n\u00e9ficiez automatiquement de notre plan gratuit qui vous permet de connecter et de g\u00e9rer jusqu'\u00e0 <strong>2 devices<\/strong>C'est le moyen id\u00e9al pour tester l'interface et nos fonctionnalit\u00e9s de base !<\/p>\n\n\n\n<p><strong>3. Passez \u00e0 la vitesse sup\u00e9rieure<\/strong> Vous \u00eates convaincu et souhaitez ajouter plus de routeurs ou d\u00e9bloquer nos fonctionnalit\u00e9s avanc\u00e9es (Remote Webfig, Auto-backups, Task Scheduler) ? C'est tr\u00e8s simple :<\/p>\n\n\n\n<ul class=\"wp-block-list\">\n<li>Connectez-vous \u00e0 votre tableau de bord.<\/li>\n\n\n\n<li>Allez dans le menu Account &gt; License. <strong>Account &gt; License<\/strong>.<\/li>\n\n\n\n<li>Choisissez et activez la licence Premium qui correspond \u00e0 la taille de votre parc.<\/li>\n<\/ul>\n\n\n\n<p><\/p>\n\n\n\n<p><\/p>\n\n\n\n<p><\/p>","protected":false},"excerpt":{"rendered":"<p>Choose your instance choose the instance that suits you best EUROPE AMERICA ASIA AFRICA Get Started with Cloutik in 3 Simple Steps Ready to simplify your MikroTik router management ? Test our solution right now, with no commitment. Here is how to begin: 1. Choose your instance To ensure the best performance, start by selecting [&hellip;]<\/p>\n","protected":false},"author":1,"featured_media":0,"parent":0,"menu_order":0,"comment_status":"closed","ping_status":"closed","template":"no-title-space","meta":{"footnotes":""},"class_list":["post-2178","page","type-page","status-publish","hentry"],"_links":{"self":[{"href":"https:\/\/www.cloutik.com\/fr\/wp-json\/wp\/v2\/pages\/2178","targetHints":{"allow":["GET"]}}],"collection":[{"href":"https:\/\/www.cloutik.com\/fr\/wp-json\/wp\/v2\/pages"}],"about":[{"href":"https:\/\/www.cloutik.com\/fr\/wp-json\/wp\/v2\/types\/page"}],"author":[{"embeddable":true,"href":"https:\/\/www.cloutik.com\/fr\/wp-json\/wp\/v2\/users\/1"}],"replies":[{"embeddable":true,"href":"https:\/\/www.cloutik.com\/fr\/wp-json\/wp\/v2\/comments?post=2178"}],"version-history":[{"count":15,"href":"https:\/\/www.cloutik.com\/fr\/wp-json\/wp\/v2\/pages\/2178\/revisions"}],"predecessor-version":[{"id":2588,"href":"https:\/\/www.cloutik.com\/fr\/wp-json\/wp\/v2\/pages\/2178\/revisions\/2588"}],"wp:attachment":[{"href":"https:\/\/www.cloutik.com\/fr\/wp-json\/wp\/v2\/media?parent=2178"}],"curies":[{"name":"wp","href":"https:\/\/api.w.org\/{rel}","templated":true}]}}